{"id":325,"date":"2015-05-12T12:30:46","date_gmt":"2015-05-12T10:30:46","guid":{"rendered":"http:\/\/medaon.de\/2015\/?page_id=325"},"modified":"2015-06-10T22:17:28","modified_gmt":"2015-06-10T20:17:28","slug":"impressum","status":"publish","type":"page","link":"https:\/\/www.medaon.de\/en\/contact\/impressum\/","title":{"rendered":"Legal notice"},"content":{"rendered":"<p>Medaon \u2013 Journal for Jewish Life in Research and Education<br \/>\nISSN: 1866-069X.<\/p>\n<p><strong>Informations pursuant \u00a7 5 TMG<br \/>\n<\/strong>HATiKVA e.V. \u2013 Die Hoffnung Bildungs- und Begegnungsst\u00e4tte f\u00fcr J\u00fcdische Geschichte und Kultur Sachsen<br \/>\nPulsnitzer Stra\u00dfe 10<br \/>\n01099 Dresden<br \/>\nGermany<\/p>\n<p>Represented by Executive Committee<br \/>\nContact: Telefon: +49 (0) 351 80 20 489<br \/>\nTelefax: +49 (0) 351 80 47 715<br \/>\nE-Mail: info{at}hatikva.de<\/p>\n<p><strong>Concept of the website<\/strong><\/p>\n<p><a href=\"http:\/\/www.designdisco.de\/\">Philipp Gellenthin<\/a>\u00a0(designdisco.de), Editorial Team of Medaon<\/p>\n<p><strong>Web-Design and Programming<\/strong><\/p>\n<p><a href=\"http:\/\/www.designdisco.de\/\">Philipp Gellenthin<\/a>\u00a0(designdisco.de)<\/p>\n<p><strong>Texts<\/strong><\/p>\n<p>Editorial Team of Medaon, Maja-Sophie G\u00f6tting (Translation)<\/p>\n","protected":false},"excerpt":{"rendered":"<p>Medaon \u2013 Journal for Jewish Life in Research and Education ISSN: 1866-069X. Informations pursuant \u00a7 5 TMG HATiKVA e.V. \u2013 Die Hoffnung Bildungs- und Begegnungsst\u00e4tte f\u00fcr J\u00fcdische Geschichte und Kultur Sachsen Pulsnitzer Stra\u00dfe 10 01099 Dresden Germany Represented by Executive Committee Contact: Telefon: +49 (0) 351 80 20 489 Telefax: +49 (0) 351 80 47 [&hellip;]<\/p>\n","protected":false},"author":1,"featured_media":0,"parent":323,"menu_order":0,"comment_status":"closed","ping_status":"closed","template":"","meta":[],"_links":{"self":[{"href":"https:\/\/www.medaon.de\/en\/wp-json\/wp\/v2\/pages\/325"}],"collection":[{"href":"https:\/\/www.medaon.de\/en\/wp-json\/wp\/v2\/pages"}],"about":[{"href":"https:\/\/www.medaon.de\/en\/wp-json\/wp\/v2\/types\/page"}],"author":[{"embeddable":true,"href":"https:\/\/www.medaon.de\/en\/wp-json\/wp\/v2\/users\/1"}],"replies":[{"embeddable":true,"href":"https:\/\/www.medaon.de\/en\/wp-json\/wp\/v2\/comments?post=325"}],"version-history":[{"count":2,"href":"https:\/\/www.medaon.de\/en\/wp-json\/wp\/v2\/pages\/325\/revisions"}],"predecessor-version":[{"id":2147,"href":"https:\/\/www.medaon.de\/en\/wp-json\/wp\/v2\/pages\/325\/revisions\/2147"}],"up":[{"embeddable":true,"href":"https:\/\/www.medaon.de\/en\/wp-json\/wp\/v2\/pages\/323"}],"wp:attachment":[{"href":"https:\/\/www.medaon.de\/en\/wp-json\/wp\/v2\/media?parent=325"}],"curies":[{"name":"wp","href":"https:\/\/api.w.org\/{rel}","templated":true}]}}