{"id":310,"date":"2015-05-12T12:26:55","date_gmt":"2015-05-12T10:26:55","guid":{"rendered":"http:\/\/medaon.de\/2015\/?page_id=310"},"modified":"2015-06-02T22:13:49","modified_gmt":"2015-06-02T20:13:49","slug":"price-winners","status":"publish","type":"page","link":"https:\/\/www.medaon.de\/en\/fritz-meyer-prize\/price-winners\/","title":{"rendered":"Past Award-Winners"},"content":{"rendered":"<h2><strong>2014<\/strong><\/h2>\n<p>Nancy Walter:<br \/>\n<em> Rosa Menzer: Frau, J\u00fcdin, Kommunistin. Eine biographische Re-Konstruktion<\/em><br \/>\n(Master Thesis, TU Dresden, 2014)<\/p>\n<h2>2012<\/h2>\n<p>Berit G\u00f6rlich:<br \/>\n<em>Identit\u00e4tsfindung russisch-j\u00fcdischer Jugendlicher \u2013 eine qualitative Studie<\/em><br \/>\n(Diploma Thesis, TU Dresden, 2012)<\/p>\n","protected":false},"excerpt":{"rendered":"<p>2014 Nancy Walter: Rosa Menzer: Frau, J\u00fcdin, Kommunistin. Eine biographische Re-Konstruktion (Master Thesis, TU Dresden, 2014) 2012 Berit G\u00f6rlich: Identit\u00e4tsfindung russisch-j\u00fcdischer Jugendlicher \u2013 eine qualitative Studie (Diploma Thesis, TU Dresden, 2012)<\/p>\n","protected":false},"author":1,"featured_media":0,"parent":306,"menu_order":0,"comment_status":"closed","ping_status":"open","template":"","meta":[],"_links":{"self":[{"href":"https:\/\/www.medaon.de\/en\/wp-json\/wp\/v2\/pages\/310"}],"collection":[{"href":"https:\/\/www.medaon.de\/en\/wp-json\/wp\/v2\/pages"}],"about":[{"href":"https:\/\/www.medaon.de\/en\/wp-json\/wp\/v2\/types\/page"}],"author":[{"embeddable":true,"href":"https:\/\/www.medaon.de\/en\/wp-json\/wp\/v2\/users\/1"}],"replies":[{"embeddable":true,"href":"https:\/\/www.medaon.de\/en\/wp-json\/wp\/v2\/comments?post=310"}],"version-history":[{"count":3,"href":"https:\/\/www.medaon.de\/en\/wp-json\/wp\/v2\/pages\/310\/revisions"}],"predecessor-version":[{"id":1613,"href":"https:\/\/www.medaon.de\/en\/wp-json\/wp\/v2\/pages\/310\/revisions\/1613"}],"up":[{"embeddable":true,"href":"https:\/\/www.medaon.de\/en\/wp-json\/wp\/v2\/pages\/306"}],"wp:attachment":[{"href":"https:\/\/www.medaon.de\/en\/wp-json\/wp\/v2\/media?parent=310"}],"curies":[{"name":"wp","href":"https:\/\/api.w.org\/{rel}","templated":true}]}}