{"id":28,"date":"2015-04-24T00:52:21","date_gmt":"2015-04-23T22:52:21","guid":{"rendered":"http:\/\/medaon.de\/2015\/?page_id=28"},"modified":"2015-06-08T14:31:53","modified_gmt":"2015-06-08T12:31:53","slug":"impressum","status":"publish","type":"page","link":"https:\/\/www.medaon.de\/de\/kontakt\/impressum\/","title":{"rendered":"Impressum"},"content":{"rendered":"<p>Medaon \u2013 Magazin f\u00fcr j\u00fcdisches Leben in Forschung und Bildung<br \/>\nErscheinungsweise: halbj\u00e4hrlich in den Monaten April und Oktober.<br \/>\nISSN: 1866-069X.<\/p>\n<p><strong>Angaben gem\u00e4\u00df \u00a7 5 TMG<\/strong><\/p>\n<p>HATiKVA e.V. \u2013 Die Hoffnung Bildungs- und Begegnungsst\u00e4tte f\u00fcr J\u00fcdische Geschichte und Kultur Sachsen<br \/>\nPulsnitzer Stra\u00dfe 10<br \/>\n01099 Dresden<\/p>\n<p>Vertreten durch den Vorstand<br \/>\nKontakt: Telefon: +49 (0) 351 80 20 489<br \/>\nTelefax: +49 (0) 351 80 47 715<br \/>\nE-Mail: info{at}hatikva.de<\/p>\n<p><strong>Konzeption der Homepage<\/strong><\/p>\n<p><a href=\"http:\/\/www.designdisco.de\/\">Philipp Gellenthin<\/a>\u00a0(designdisco.de), Redaktion Medaon<\/p>\n<p><strong>Web-Design &amp; Programmierung<\/strong><\/p>\n<p><a href=\"http:\/\/www.designdisco.de\/\">Philipp Gellenthin<\/a>\u00a0(designdisco.de)<\/p>\n<p><strong>Texte<\/strong><\/p>\n<p>Redaktion Medaon, Maja-Sophie G\u00f6tting (\u00dcbersetzungen)<\/p>\n<p><strong>Rechtliche Hinweise<\/strong><\/p>\n<p>Die in den Beitr\u00e4gen dieser Zeitschrift wiedergegebenen Gedanken stimmen keineswegs immer mit der Meinung der Redaktion \u00fcberein.<\/p>\n<p>Die Redaktion von Medaon und HATiKVA e. V. zielen auf die Richtigkeit und Aktualit\u00e4t der auf seiner Internetpr\u00e4senz angebotenen Informationen ab, Fehler und Unklarheiten k\u00f6nnen dabei nicht vollst\u00e4ndig ausgeschlossen werden. Es wird keine Gew\u00e4hr f\u00fcr die Aktualit\u00e4t, Richtigkeit oder Vollst\u00e4ndigkeit der gemachten Angaben \u00fcbernommen. \u00c4nderungen und Irrt\u00fcmer bleiben vorbehalten. F\u00fcr Sch\u00e4den materieller oder immaterieller Art, die durch die Nutzung der dargebotenen Informationen bzw. durch die Nutzung fehlerhafter und unvollst\u00e4ndiger Informationen unmittelbar oder mittelbar verursacht werden, wird keine Haftung \u00fcbernommen. Die Redaktion von Medaon und HATiKVA e. V. behalten es sich vor, Teile ihres Internetangebots ohne gesonderte Ank\u00fcndigung zu ver\u00e4ndern, zu erg\u00e4nzen, zu l\u00f6schen oder die Ver\u00f6ffentlichung zeitweise oder endg\u00fcltig einzustellen.<\/p>\n<p>Alle Inhalte der Internetpr\u00e4senz sowie die grafische und konzeptionelle Ausgestaltung unterliegen dem Copyright von HATiKVA e. V. und der jeweiligen Autorinnen und Autoren. Die Nutzung, Verwertung, Bearbeitung, Vervielf\u00e4ltigung, \u00dcbernahme und \u00f6ffentliche Wiedergabe sowie die \u00dcbersetzung aller Inhalte der Website (Texte, Grafiken, Abbildungen etc. im ganzen oder in Teilen) bed\u00fcrfen der vorherigen und expliziten R\u00fccksprache mit der Redaktion von Medaon und HATiKVA e. V.<\/p>\n<p>Bei allen \u00dcbernahmen und Zitaten ist als Quelle \u201eMedaon \u2013 Magazin f\u00fcr j\u00fcdisches Leben in Forschung und Bildung\u201c und das Datum des jeweiligen Zugriffs auf die Webseite auszuweisen bzw. der Zitiervorschlag in den Einzelbeitr\u00e4gen anzuwenden.<\/p>\n<p>Die Redaktion von Medaon und HATiKVA e. V. widersprechen ausdr\u00fccklich der Nutzung s\u00e4mtlicher auf dieser Website ver\u00f6ffentlichter E-Mail-Adressen zum Zwecke der Zusendung unverlangter Werbebotschaften per E-Mail.<\/p>\n<p><strong>Haftungsausschluss<\/strong><\/p>\n<p>Die Redaktion von Medaon und HATiKVA e. V. haben auf s\u00e4mtliche Inhalte und Gestaltung aller verlinkten Internetangebote (inklusive Unterseiten) keinerlei Einfluss, distanziert sich explizit von diesen und \u00fcbernimmt f\u00fcr diese keine Verantwortung.<\/p>\n","protected":false},"excerpt":{"rendered":"<p>Medaon \u2013 Magazin f\u00fcr j\u00fcdisches Leben in Forschung und Bildung Erscheinungsweise: halbj\u00e4hrlich in den Monaten April und Oktober. ISSN: 1866-069X. Angaben gem\u00e4\u00df \u00a7 5 TMG HATiKVA e.V. \u2013 Die Hoffnung Bildungs- und Begegnungsst\u00e4tte f\u00fcr J\u00fcdische Geschichte und Kultur Sachsen Pulsnitzer Stra\u00dfe 10 01099 Dresden Vertreten durch den Vorstand Kontakt: Telefon: +49 (0) 351 80 20 [&hellip;]<\/p>\n","protected":false},"author":1,"featured_media":0,"parent":26,"menu_order":0,"comment_status":"closed","ping_status":"closed","template":"","meta":[],"_links":{"self":[{"href":"https:\/\/www.medaon.de\/de\/wp-json\/wp\/v2\/pages\/28"}],"collection":[{"href":"https:\/\/www.medaon.de\/de\/wp-json\/wp\/v2\/pages"}],"about":[{"href":"https:\/\/www.medaon.de\/de\/wp-json\/wp\/v2\/types\/page"}],"author":[{"embeddable":true,"href":"https:\/\/www.medaon.de\/de\/wp-json\/wp\/v2\/users\/1"}],"replies":[{"embeddable":true,"href":"https:\/\/www.medaon.de\/de\/wp-json\/wp\/v2\/comments?post=28"}],"version-history":[{"count":13,"href":"https:\/\/www.medaon.de\/de\/wp-json\/wp\/v2\/pages\/28\/revisions"}],"predecessor-version":[{"id":2121,"href":"https:\/\/www.medaon.de\/de\/wp-json\/wp\/v2\/pages\/28\/revisions\/2121"}],"up":[{"embeddable":true,"href":"https:\/\/www.medaon.de\/de\/wp-json\/wp\/v2\/pages\/26"}],"wp:attachment":[{"href":"https:\/\/www.medaon.de\/de\/wp-json\/wp\/v2\/media?parent=28"}],"curies":[{"name":"wp","href":"https:\/\/api.w.org\/{rel}","templated":true}]}}