{"id":24,"date":"2015-04-24T00:47:50","date_gmt":"2015-04-23T22:47:50","guid":{"rendered":"http:\/\/medaon.de\/2015\/?page_id=24"},"modified":"2015-06-17T12:58:37","modified_gmt":"2015-06-17T10:58:37","slug":"newsletter","status":"publish","type":"page","link":"https:\/\/www.medaon.de\/de\/kontakt\/newsletter\/","title":{"rendered":"Newsletter"},"content":{"rendered":"<p>Die Redaktion informiert mit mehreren zweisprachigen Newslettern im Jahr \u00fcber aktuelle Ausgaben, eigene Veranstaltungen und call for papers. Sie k\u00f6nnen den Service einfach per E-Mail bestellen und jederzeit wieder k\u00fcndigen.<\/p>\n<div role=\"form\" class=\"wpcf7\" id=\"wpcf7-f196-o1\" lang=\"de-DE\" dir=\"ltr\">\n<div class=\"screen-reader-response\"><p role=\"status\" aria-live=\"polite\" aria-atomic=\"true\"><\/p> <ul><\/ul><\/div>\n<form action=\"\/de\/wp-json\/wp\/v2\/pages\/24#wpcf7-f196-o1\" method=\"post\" class=\"wpcf7-form init\" novalidate=\"novalidate\" data-status=\"init\">\n<div style=\"display: none;\">\n<input type=\"hidden\" name=\"_wpcf7\" value=\"196\" \/>\n<input type=\"hidden\" name=\"_wpcf7_version\" value=\"5.4.1\" \/>\n<input type=\"hidden\" name=\"_wpcf7_locale\" value=\"de_DE\" \/>\n<input type=\"hidden\" name=\"_wpcf7_unit_tag\" value=\"wpcf7-f196-o1\" \/>\n<input type=\"hidden\" name=\"_wpcf7_container_post\" value=\"0\" \/>\n<input type=\"hidden\" name=\"_wpcf7_posted_data_hash\" value=\"\" \/>\n<\/div>\n<p>Emailadresse:  <span class=\"wpcf7-form-control-wrap your-email\"><input type=\"email\" name=\"your-email\" value=\"\" size=\"40\" class=\"wpcf7-form-control wpcf7-text wpcf7-email wpcf7-validates-as-required wpcf7-validates-as-email\" aria-required=\"true\" aria-invalid=\"false\" \/><\/span> &nbsp;<input type=\"submit\" value=\"Eintragen\" class=\"wpcf7-form-control wpcf7-submit\" \/><\/p>\n<div class=\"wpcf7-response-output\" aria-hidden=\"true\"><\/div><\/form><\/div>\n","protected":false},"excerpt":{"rendered":"<p>Die Redaktion informiert mit mehreren zweisprachigen Newslettern im Jahr \u00fcber aktuelle Ausgaben, eigene Veranstaltungen und call for papers. Sie k\u00f6nnen den Service einfach per E-Mail bestellen und jederzeit wieder k\u00fcndigen.<\/p>\n","protected":false},"author":1,"featured_media":0,"parent":26,"menu_order":0,"comment_status":"closed","ping_status":"closed","template":"","meta":[],"_links":{"self":[{"href":"https:\/\/www.medaon.de\/de\/wp-json\/wp\/v2\/pages\/24"}],"collection":[{"href":"https:\/\/www.medaon.de\/de\/wp-json\/wp\/v2\/pages"}],"about":[{"href":"https:\/\/www.medaon.de\/de\/wp-json\/wp\/v2\/types\/page"}],"author":[{"embeddable":true,"href":"https:\/\/www.medaon.de\/de\/wp-json\/wp\/v2\/users\/1"}],"replies":[{"embeddable":true,"href":"https:\/\/www.medaon.de\/de\/wp-json\/wp\/v2\/comments?post=24"}],"version-history":[{"count":7,"href":"https:\/\/www.medaon.de\/de\/wp-json\/wp\/v2\/pages\/24\/revisions"}],"predecessor-version":[{"id":2178,"href":"https:\/\/www.medaon.de\/de\/wp-json\/wp\/v2\/pages\/24\/revisions\/2178"}],"up":[{"embeddable":true,"href":"https:\/\/www.medaon.de\/de\/wp-json\/wp\/v2\/pages\/26"}],"wp:attachment":[{"href":"https:\/\/www.medaon.de\/de\/wp-json\/wp\/v2\/media?parent=24"}],"curies":[{"name":"wp","href":"https:\/\/api.w.org\/{rel}","templated":true}]}}