{"id":22,"date":"2015-04-24T00:47:17","date_gmt":"2015-04-23T22:47:17","guid":{"rendered":"http:\/\/medaon.de\/2015\/?page_id=22"},"modified":"2015-10-11T22:03:41","modified_gmt":"2015-10-11T20:03:41","slug":"spenden","status":"publish","type":"page","link":"https:\/\/www.medaon.de\/de\/medaon\/spenden\/","title":{"rendered":"Spenden"},"content":{"rendered":"<h2>Sie sch\u00e4tzen unser Engagement?<\/h2>\n<p>F\u00fcr MEDAON fallen laufende Kosten an, ohne dass derzeit Projektmittel zur Verf\u00fcgung stehen. Mit Ihrer Zuwendung k\u00f6nnen Sie die Arbeit der Redaktion ma\u00dfgeblich unterst\u00fctzen. Bitte nutzen Sie das untenstehende Paypal-Formular oder unsere Bankverbindung f\u00fcr die direkte \u00dcberweisung:<\/p>\n<p>Empf\u00e4nger: HATiKVA e. V.<br \/>\nIBAN: DE62 8505 0300 3120 1239 77<br \/>\nInstitut: Osts\u00e4chsische Sparkasse Dresden<br \/>\nBIC: OSDDDE81XXX<br \/>\nVerwendungszweck: MEDAON.<\/p>\n<p>HATiKVA e. V. ist ein gemeinn\u00fctzig t\u00e4tiger Verein. Ihre Spenden sind somit entsprechend der steuerlichen Gesetzgebung absetzbar. Am Jahresende \u00fcbermitteln wir Ihnen daf\u00fcr eine Spendenquittung. Bitte schicken Sie uns Ihre Postanschrift.<\/p>\n<p>Vielen Dank!<\/p>\n<!-- Begin PayPal Donations by https:\/\/www.tipsandtricks-hq.com\/paypal-donations-widgets-plugin -->\n\n<form action=\"https:\/\/www.paypal.com\/cgi-bin\/webscr\" method=\"post\" target=\"_blank\">\n    <div class=\"paypal-donations\">\n        <input type=\"hidden\" name=\"cmd\" value=\"_donations\" \/>\n        <input type=\"hidden\" name=\"bn\" value=\"TipsandTricks_SP\" \/>\n        <input type=\"hidden\" name=\"business\" value=\"info@hatikva.de\" \/>\n        <input type=\"hidden\" name=\"item_number\" value=\"Medaon\" \/>\n        <input type=\"hidden\" name=\"rm\" value=\"0\" \/>\n        <input type=\"hidden\" name=\"currency_code\" value=\"EUR\" \/>\n        <input type=\"image\" style=\"cursor: pointer;\" src=\"https:\/\/www.paypalobjects.com\/de_DE\/DE\/i\/btn\/btn_donateCC_LG.gif\" name=\"submit\" alt=\"PayPal - The safer, easier way to pay online.\" \/>\n        <img alt=\"\" src=\"https:\/\/www.paypalobjects.com\/en_US\/i\/scr\/pixel.gif\" width=\"1\" height=\"1\" \/>\n    <\/div>\n<\/form>\n<!-- End PayPal Donations -->\n\n","protected":false},"excerpt":{"rendered":"<p>Sie sch\u00e4tzen unser Engagement? F\u00fcr MEDAON fallen laufende Kosten an, ohne dass derzeit Projektmittel zur Verf\u00fcgung stehen. Mit Ihrer Zuwendung k\u00f6nnen Sie die Arbeit der Redaktion ma\u00dfgeblich unterst\u00fctzen. Bitte nutzen Sie das untenstehende Paypal-Formular oder unsere Bankverbindung f\u00fcr die direkte \u00dcberweisung: Empf\u00e4nger: HATiKVA e. V. IBAN: DE62 8505 0300 3120 1239 77 Institut: Osts\u00e4chsische Sparkasse [&hellip;]<\/p>\n","protected":false},"author":1,"featured_media":0,"parent":2,"menu_order":0,"comment_status":"closed","ping_status":"closed","template":"","meta":[],"_links":{"self":[{"href":"https:\/\/www.medaon.de\/de\/wp-json\/wp\/v2\/pages\/22"}],"collection":[{"href":"https:\/\/www.medaon.de\/de\/wp-json\/wp\/v2\/pages"}],"about":[{"href":"https:\/\/www.medaon.de\/de\/wp-json\/wp\/v2\/types\/page"}],"author":[{"embeddable":true,"href":"https:\/\/www.medaon.de\/de\/wp-json\/wp\/v2\/users\/1"}],"replies":[{"embeddable":true,"href":"https:\/\/www.medaon.de\/de\/wp-json\/wp\/v2\/comments?post=22"}],"version-history":[{"count":7,"href":"https:\/\/www.medaon.de\/de\/wp-json\/wp\/v2\/pages\/22\/revisions"}],"predecessor-version":[{"id":2202,"href":"https:\/\/www.medaon.de\/de\/wp-json\/wp\/v2\/pages\/22\/revisions\/2202"}],"up":[{"embeddable":true,"href":"https:\/\/www.medaon.de\/de\/wp-json\/wp\/v2\/pages\/2"}],"wp:attachment":[{"href":"https:\/\/www.medaon.de\/de\/wp-json\/wp\/v2\/media?parent=22"}],"curies":[{"name":"wp","href":"https:\/\/api.w.org\/{rel}","templated":true}]}}