{"id":203,"date":"2015-04-24T10:49:29","date_gmt":"2015-04-24T08:49:29","guid":{"rendered":"http:\/\/medaon.de\/2015\/?page_id=203"},"modified":"2015-06-07T12:47:38","modified_gmt":"2015-06-07T10:47:38","slug":"copyright","status":"publish","type":"page","link":"https:\/\/www.medaon.de\/de\/fuer-autorinnen\/copyright\/","title":{"rendered":"Copyright"},"content":{"rendered":"<p>Mit Einreichung zur Ver\u00f6ffentlichung wird das Copyright f\u00fcr den jeweiligen Beitrag an <em>Medaon<\/em> \u00fcbertragen. Nach dem Erscheinen des Beitrags ist in R\u00fccksprache mit der Redaktion und mit Hinweisen auf den Ort der Erstver\u00f6ffentlichung eine Ver\u00f6ffentlichung an anderer Stelle m\u00f6glich.<\/p>\n<p>Autorinnen und Autoren m\u00fcssen Sorge daf\u00fcr tragen, dass sie das Copyright bzw. eine Nutzungslizenz f\u00fcr jegliches in einem Beitrag verwandte Material (zum Beispiel Fotos) haben.<\/p>\n<p>Reprints von bereits andernorts publizierten Beitr\u00e4gen ver\u00f6ffentlichen wir nur in Ausnahmef\u00e4llen: Unmittelbar plausibel muss sein, dass der Beitrag ohne eine Ver\u00f6ffentlichung in <em>Medaon<\/em> einem gr\u00f6\u00dferen Fachpublikum vorenthalten bliebe. Zum anderen ist das Einverst\u00e4ndnis des Copyright-Inhabers\/der Copyright-Inhaberinnen und -Inhaber sicherzustellen, sofern das Copyright nicht bei dem\/der einreichenden Autorinnen und Autoren liegt.<\/p>\n<p><em>Medaon<\/em> beh\u00e4lt sich das Recht auf eventuelle k\u00fcnftige Ver\u00f6ffentlichungen zum Beispiel auf CD-ROM oder f\u00fcr ausgew\u00e4hlte Print-Ausgaben vor, Autorinnen und Autoren werden in diesem Fall \u00fcber weitere publikatorische Schritte informiert. Gleiches gilt, wenn in <em>Medaon<\/em> erschienene Beitr\u00e4ge als Reprint von anderen Herausgeberinnen und Herausgebern angefragt werden bzw. ver\u00f6ffentlicht werden sollen.<\/p>\n","protected":false},"excerpt":{"rendered":"<p>Mit Einreichung zur Ver\u00f6ffentlichung wird das Copyright f\u00fcr den jeweiligen Beitrag an Medaon \u00fcbertragen. Nach dem Erscheinen des Beitrags ist in R\u00fccksprache mit der Redaktion und mit Hinweisen auf den Ort der Erstver\u00f6ffentlichung eine Ver\u00f6ffentlichung an anderer Stelle m\u00f6glich. Autorinnen und Autoren m\u00fcssen Sorge daf\u00fcr tragen, dass sie das Copyright bzw. eine Nutzungslizenz f\u00fcr jegliches [&hellip;]<\/p>\n","protected":false},"author":1,"featured_media":0,"parent":146,"menu_order":0,"comment_status":"closed","ping_status":"open","template":"","meta":[],"_links":{"self":[{"href":"https:\/\/www.medaon.de\/de\/wp-json\/wp\/v2\/pages\/203"}],"collection":[{"href":"https:\/\/www.medaon.de\/de\/wp-json\/wp\/v2\/pages"}],"about":[{"href":"https:\/\/www.medaon.de\/de\/wp-json\/wp\/v2\/types\/page"}],"author":[{"embeddable":true,"href":"https:\/\/www.medaon.de\/de\/wp-json\/wp\/v2\/users\/1"}],"replies":[{"embeddable":true,"href":"https:\/\/www.medaon.de\/de\/wp-json\/wp\/v2\/comments?post=203"}],"version-history":[{"count":4,"href":"https:\/\/www.medaon.de\/de\/wp-json\/wp\/v2\/pages\/203\/revisions"}],"predecessor-version":[{"id":2097,"href":"https:\/\/www.medaon.de\/de\/wp-json\/wp\/v2\/pages\/203\/revisions\/2097"}],"up":[{"embeddable":true,"href":"https:\/\/www.medaon.de\/de\/wp-json\/wp\/v2\/pages\/146"}],"wp:attachment":[{"href":"https:\/\/www.medaon.de\/de\/wp-json\/wp\/v2\/media?parent=203"}],"curies":[{"name":"wp","href":"https:\/\/api.w.org\/{rel}","templated":true}]}}