{"id":2,"date":"2015-04-24T00:35:18","date_gmt":"2015-04-23T22:35:18","guid":{"rendered":"http:\/\/medaon.de\/2015\/?page_id=2"},"modified":"2015-06-01T21:48:52","modified_gmt":"2015-06-01T19:48:52","slug":"medaon","status":"publish","type":"page","link":"https:\/\/www.medaon.de\/de\/medaon\/","title":{"rendered":"Medaon"},"content":{"rendered":"<p><em>Medaon<\/em> \u2013 die Komposition aus den hebr\u00e4ischen W\u00f6rtern <em>Meda<\/em> f\u00fcr Information, <em>Mada<\/em> f\u00fcr Wissenschaft, <em>Dea<\/em> f\u00fcr Ansicht sowie <em>Iton<\/em> f\u00fcr Zeitung b\u00fcndelt den Anspruch, ein online frei zug\u00e4ngliches, interdisziplin\u00e4res Podium f\u00fcr fundierte Perspektiven auf j\u00fcdische Lebenswelten in Geschichte und Gegenwart zu bieten.<\/p>\n<p><em>J\u00fcdische Lebenswelten<\/em> im Fokus \u2013 das hei\u00dft, regelm\u00e4\u00dfig spannende Zug\u00e4nge zu historischen und aktuellen Konstellationen j\u00fcdischer Pr\u00e4senzen zu entwickeln, etwa in Hinsicht auf individuelle Biografien, Gemeinschaft, \u00fcberdauernde (im)materielle Pr\u00e4gungen und ihre Positionierungen im jeweiligen gesellschaftlichen Umfeld. J\u00fcdisches Leben in Sachsen und die Reflektion von Vermittlungsangeboten zum Judentum stellen ausgewiesene Schwerpunkte dar.<\/p>\n<p><em>Medaon<\/em> f\u00f6rdert zielgerichtet den Austausch innerhalb und zwischen akademischer Forschung und au\u00dferakademisch gef\u00fchrten Ans\u00e4tzen. Alle Beitr\u00e4ge werden intensiv redaktionell gepr\u00fcft, fachwissenschaftliche Aufs\u00e4tze durchlaufen ein Begutachtungsverfahren (double-blind peer review).<\/p>\n","protected":false},"excerpt":{"rendered":"<p>Medaon \u2013 die Komposition aus den hebr\u00e4ischen W\u00f6rtern Meda f\u00fcr Information, Mada f\u00fcr Wissenschaft, Dea f\u00fcr Ansicht sowie Iton f\u00fcr Zeitung b\u00fcndelt den Anspruch, ein online frei zug\u00e4ngliches, interdisziplin\u00e4res Podium f\u00fcr fundierte Perspektiven auf j\u00fcdische Lebenswelten in Geschichte und Gegenwart zu bieten. J\u00fcdische Lebenswelten im Fokus \u2013 das hei\u00dft, regelm\u00e4\u00dfig spannende Zug\u00e4nge zu historischen und [&hellip;]<\/p>\n","protected":false},"author":1,"featured_media":0,"parent":0,"menu_order":0,"comment_status":"closed","ping_status":"closed","template":"","meta":[],"_links":{"self":[{"href":"https:\/\/www.medaon.de\/de\/wp-json\/wp\/v2\/pages\/2"}],"collection":[{"href":"https:\/\/www.medaon.de\/de\/wp-json\/wp\/v2\/pages"}],"about":[{"href":"https:\/\/www.medaon.de\/de\/wp-json\/wp\/v2\/types\/page"}],"author":[{"embeddable":true,"href":"https:\/\/www.medaon.de\/de\/wp-json\/wp\/v2\/users\/1"}],"replies":[{"embeddable":true,"href":"https:\/\/www.medaon.de\/de\/wp-json\/wp\/v2\/comments?post=2"}],"version-history":[{"count":4,"href":"https:\/\/www.medaon.de\/de\/wp-json\/wp\/v2\/pages\/2\/revisions"}],"predecessor-version":[{"id":1593,"href":"https:\/\/www.medaon.de\/de\/wp-json\/wp\/v2\/pages\/2\/revisions\/1593"}],"wp:attachment":[{"href":"https:\/\/www.medaon.de\/de\/wp-json\/wp\/v2\/media?parent=2"}],"curies":[{"name":"wp","href":"https:\/\/api.w.org\/{rel}","templated":true}]}}