{"id":172,"date":"2015-04-24T09:16:09","date_gmt":"2015-04-24T07:16:09","guid":{"rendered":"http:\/\/medaon.de\/2015\/?page_id=172"},"modified":"2015-06-01T21:38:58","modified_gmt":"2015-06-01T19:38:58","slug":"peer-editorial-review","status":"publish","type":"page","link":"https:\/\/www.medaon.de\/de\/fuer-autorinnen\/peer-editorial-review\/","title":{"rendered":"Redaktionsverfahren und Begutachtung"},"content":{"rendered":"<p>Die Redaktion von Medaon wendet mit dem<em> double-blind peer review<\/em> zum einen und der Begutachtung durch Redaktionsmitglieder zum anderen zwei unterschiedliche Verfahren der inhaltlichen Einsch\u00e4tzung der vorgelegten Manuskripte an, die je nach Beitragsformat Verwendung finden.<\/p>\n<p>Eingereichte und f\u00fcr das Peer Review prinzipiell akzeptierte Einzelbeitr\u00e4ge f\u00fcr die Rubrik <em>Artikel<\/em> sowie f\u00fcr die Rubrik <em>Bildung<\/em> (fachwissenschaftliche Aufs\u00e4tze) werden stets anonymisiert an zwei unabh\u00e4ngige Gutachterinnen und Gutachter geschickt. Daf\u00fcr werden sachlich orientiert externe Reviewerinnen und Reviewer herangezogen, die drei Empfehlungen aussprechen k\u00f6nnen: Ver\u00f6ffentlichung ohne Einschr\u00e4nkung, Ver\u00f6ffentlichung mit Einschr\u00e4nkung\/nur nach nochmaliger \u00dcberarbeitung, keine Ver\u00f6ffentlichung. Auf der Grundlage dieser Empfehlungen entscheidet die beitragsbetreuende Fachredaktion \u00fcber die Ver\u00f6ffentlichung oder Nicht-Ver\u00f6ffentlichung eines Beitrags (ggf. auch nach Austausch im weiteren Redaktionskreis), die Autorinnen und Autoren werden \u00fcber die Entscheidung und deren Gr\u00fcnde informiert. Im Falle einer Annahme mit Einschr\u00e4nkung wird die revidierte Fassung vor Ver\u00f6ffentlichung ggf. einem Gutachter oder einer Gutachterin nochmals zur Pr\u00fcfung zugestellt.<\/p>\n<p>Beitr\u00e4ge, die f\u00fcr die Rubriken <em>Miszelle<\/em>, <em>Quellen<\/em> und <em>Rezensionen<\/em> sowie <em>Bildung<\/em> (mit Ausnahme fachwissenschaftlicher Aufs\u00e4tze) eingereicht werden, werden durch die entsprechende Rubrikredaktion im Austausch mit weiteren Redaktionsmitgliedern inhaltlich gepr\u00fcft und bewertet. Die Redaktion beh\u00e4lt sich vor, in bestimmten F\u00e4llen eine externe Einsch\u00e4tzung heranzuziehen. Die Autorinnen und Autoren werden anschlie\u00dfend informiert, ob ihr Beitrag zur Ver\u00f6ffentlichung, ggf. mit der Einschr\u00e4nkung zur nochmaligen \u00dcberarbeitung, angenommen wird.<\/p>\n<p>Grunds\u00e4tzlich erhalten Autorinnen und Autoren die jeweilige redaktionelle Entscheidung mit ausf\u00fchrlicher Begr\u00fcndung \u00fcbermittelt. Die Redaktion beh\u00e4lt sich vor, bei revidierten Fassungen eine Ver\u00f6ffentlichung von einer erneuten \u00dcberarbeitung abh\u00e4ngig zu machen.<\/p>\n<p>Jedes inhaltlich angenommene Manuskript wird einem externen Sprachlektorat \u00fcbergeben. Die daraus folgenden Korrekturvorschl\u00e4ge werden den Autorinnen und Autoren vorgestellt und mit ihnen abgesprochen sowie die PDF-Version des Beitrages zur letzten Pr\u00fcfung vorgelegt.<\/p>\n","protected":false},"excerpt":{"rendered":"<p>Die Redaktion von Medaon wendet mit dem double-blind peer review zum einen und der Begutachtung durch Redaktionsmitglieder zum anderen zwei unterschiedliche Verfahren der inhaltlichen Einsch\u00e4tzung der vorgelegten Manuskripte an, die je nach Beitragsformat Verwendung finden. Eingereichte und f\u00fcr das Peer Review prinzipiell akzeptierte Einzelbeitr\u00e4ge f\u00fcr die Rubrik Artikel sowie f\u00fcr die Rubrik Bildung (fachwissenschaftliche Aufs\u00e4tze) [&hellip;]<\/p>\n","protected":false},"author":1,"featured_media":0,"parent":146,"menu_order":0,"comment_status":"closed","ping_status":"open","template":"","meta":[],"_links":{"self":[{"href":"https:\/\/www.medaon.de\/de\/wp-json\/wp\/v2\/pages\/172"}],"collection":[{"href":"https:\/\/www.medaon.de\/de\/wp-json\/wp\/v2\/pages"}],"about":[{"href":"https:\/\/www.medaon.de\/de\/wp-json\/wp\/v2\/types\/page"}],"author":[{"embeddable":true,"href":"https:\/\/www.medaon.de\/de\/wp-json\/wp\/v2\/users\/1"}],"replies":[{"embeddable":true,"href":"https:\/\/www.medaon.de\/de\/wp-json\/wp\/v2\/comments?post=172"}],"version-history":[{"count":4,"href":"https:\/\/www.medaon.de\/de\/wp-json\/wp\/v2\/pages\/172\/revisions"}],"predecessor-version":[{"id":1588,"href":"https:\/\/www.medaon.de\/de\/wp-json\/wp\/v2\/pages\/172\/revisions\/1588"}],"up":[{"embeddable":true,"href":"https:\/\/www.medaon.de\/de\/wp-json\/wp\/v2\/pages\/146"}],"wp:attachment":[{"href":"https:\/\/www.medaon.de\/de\/wp-json\/wp\/v2\/media?parent=172"}],"curies":[{"name":"wp","href":"https:\/\/api.w.org\/{rel}","templated":true}]}}