{"id":166,"date":"2015-04-24T09:14:41","date_gmt":"2015-04-24T07:14:41","guid":{"rendered":"http:\/\/medaon.de\/2015\/?page_id=166"},"modified":"2015-06-02T21:51:51","modified_gmt":"2015-06-02T19:51:51","slug":"preistraeger","status":"publish","type":"page","link":"https:\/\/www.medaon.de\/de\/fritz-meyer-preis\/preistraeger\/","title":{"rendered":"Preistr\u00e4ger"},"content":{"rendered":"<h2><strong>2014<\/strong><\/h2>\n<p>Nancy Walter:<br \/>\n<em>Rosa Menzer: Frau, J\u00fcdin, Kommunistin. Eine biographische Re-Konstruktion<\/em><br \/>\n(Masterarbeit, TU Dresden, 2014)<\/p>\n<h2><strong>2012<\/strong><\/h2>\n<p>Berit G\u00f6rlich:<br \/>\n<em>Identit\u00e4tsfindung russisch-j\u00fcdischer Jugendlicher \u2013 eine qualitative Studie<\/em><br \/>\n(Diplomarbeit, TU Dresden, 2012)<\/p>\n","protected":false},"excerpt":{"rendered":"<p>2014 Nancy Walter: Rosa Menzer: Frau, J\u00fcdin, Kommunistin. Eine biographische Re-Konstruktion (Masterarbeit, TU Dresden, 2014) 2012 Berit G\u00f6rlich: Identit\u00e4tsfindung russisch-j\u00fcdischer Jugendlicher \u2013 eine qualitative Studie (Diplomarbeit, TU Dresden, 2012)<\/p>\n","protected":false},"author":1,"featured_media":0,"parent":142,"menu_order":0,"comment_status":"closed","ping_status":"open","template":"","meta":[],"_links":{"self":[{"href":"https:\/\/www.medaon.de\/de\/wp-json\/wp\/v2\/pages\/166"}],"collection":[{"href":"https:\/\/www.medaon.de\/de\/wp-json\/wp\/v2\/pages"}],"about":[{"href":"https:\/\/www.medaon.de\/de\/wp-json\/wp\/v2\/types\/page"}],"author":[{"embeddable":true,"href":"https:\/\/www.medaon.de\/de\/wp-json\/wp\/v2\/users\/1"}],"replies":[{"embeddable":true,"href":"https:\/\/www.medaon.de\/de\/wp-json\/wp\/v2\/comments?post=166"}],"version-history":[{"count":5,"href":"https:\/\/www.medaon.de\/de\/wp-json\/wp\/v2\/pages\/166\/revisions"}],"predecessor-version":[{"id":1611,"href":"https:\/\/www.medaon.de\/de\/wp-json\/wp\/v2\/pages\/166\/revisions\/1611"}],"up":[{"embeddable":true,"href":"https:\/\/www.medaon.de\/de\/wp-json\/wp\/v2\/pages\/142"}],"wp:attachment":[{"href":"https:\/\/www.medaon.de\/de\/wp-json\/wp\/v2\/media?parent=166"}],"curies":[{"name":"wp","href":"https:\/\/api.w.org\/{rel}","templated":true}]}}