{"id":146,"date":"2015-04-24T04:14:21","date_gmt":"2015-04-24T02:14:21","guid":{"rendered":"http:\/\/medaon.de\/2015\/?page_id=146"},"modified":"2016-09-23T10:31:26","modified_gmt":"2016-09-23T08:31:26","slug":"fuer-autorinnen","status":"publish","type":"page","link":"https:\/\/www.medaon.de\/de\/fuer-autorinnen\/","title":{"rendered":"F\u00fcr Autorinnen"},"content":{"rendered":"<p>Autorinnen und Autoren bzw. potentielle Kooperationspartnerinnen und -partner k\u00f6nnen sich jederzeit mit ihren Vorschl\u00e4gen f\u00fcr die Einreichung von Manuskripten f\u00fcr die Rubriken \u201eArtikel\u201c, \u201eMiszellen\u201c, \u201eBildung\u201c und \u201eQuellen\u201c (nicht: \u201eRezensionen\u201c), f\u00fcr Schwerpunkte oder f\u00fcr spezifische Formate an die Redaktion wenden. Die Redaktion pr\u00fcft diese schnellstm\u00f6glich und wird nach der Verst\u00e4ndigung auf ein gemeinsames Vorhaben oder nach Einreichung des Manuskripts den Kontakt zu den Autorinnen und Autoren durch eine Fach- bzw. Rubrikredaktion aufnehmen.<\/p>\n<p>Manuskripte k\u00f6nnen \u2013 ohne dass ein Anspruch auf Aufnahme der redaktionellen Betreuung oder auf Ver\u00f6ffentlichung entst\u00fcnde \u2013 fortlaufend und unaufgefordert eingereicht werden. Die Redaktion empfiehlt allerdings aufgrund der langfristigen Planung der Einzelausgaben unbedingt den vorherigen Kontakt zur inhaltlichen und zeitlichen Abstimmung. Manuskripte sollten m\u00f6glichst fr\u00fchzeitig, sp\u00e4testens jedoch bis zum 5. Januar f\u00fcr die April-Ausgabe und bis zum 25. Juni f\u00fcr die Oktober-Ausgabe vorgelegt werden.<\/p>\n<p>Die Manuskripte m\u00fcssen bereits zum Zeitpunkt der ersten Einreichung allen von der Redaktion gesetzten formalen und inhaltlichen Kriterien und den vorab getroffenen Vereinbarungen entsprechen, s\u00e4mtliche n\u00f6tige Anlagen (Angaben zum\/r AutorIn, Schlagwortregister, ggf. Abstracts, Abbildungen, Bildunterschriften, Bildnachweise) sind gesondert beizuf\u00fcgen. Bei den Manuskripten muss es sich um (nicht parallel anderenorts eingereichte) Texte zur Erstver\u00f6ffentlichung (print wie online) handeln. Nur geringf\u00fcgig modifizierte Zweitverwertungen fr\u00fcherer Ver\u00f6ffentlichungen, die keinen weiterf\u00fchrenden substantiellen Erkenntnisgewinn versprechen, k\u00f6nnen nicht ber\u00fccksichtigt werden.<\/p>\n<p>Die Redaktion pr\u00fcft in einem mehrstufigen Verfahren jeden eingereichten Beitrag in formaler und inhaltlicher Hinsicht, genaue Ausf\u00fchrungen dazu finden Sie <a href=\"http:\/\/medaon.de\/de\/fuer-autorinnen\/peer-editorial-review\/\">hier<\/a>.<\/p>\n<p>Die Redaktion muss Angebote und eingereichte Manuskripte ebenso wenig ver\u00f6ffentlichen wie qualitativ nicht gen\u00fcgende Manuskript\u00fcberarbeitungen durch die Autorinnen und Autoren, auch wenn der redaktionelle Prozess nach Einreichung bereits eingeleitet wurde.<\/p>\n<p>Bei R\u00fcckfragen k\u00f6nnen Sie sich jederzeit gern an die Redaktion oder an den\/die Sie und Ihren Beitrag betreuende\/n Redakteur\/in wenden.<\/p>\n<p>Einzelne Rezensionseinladungen spricht die Redaktion selbstst\u00e4ndig aus. Unaufgefordert eingehende Rezensionsvorschl\u00e4ge und -manuskripte k\u00f6nnen aus grunds\u00e4tzlichen Erw\u00e4gungen nicht ber\u00fccksichtigt werden. Hinweise und Werbematerialien zu Einzeltiteln bzw. verlegerische Angebote sind selbstverst\u00e4ndlich willkommen. Interessierte Autorinnen und Autoren k\u00f6nnen der Redaktion ihre jeweiligen epochalen, thematischen und regionalen Forschungsschwerpunkte mitteilen und werden k\u00fcnftig ggf. zur Rezension eingeladen.<\/p>\n","protected":false},"excerpt":{"rendered":"<p>Autorinnen und Autoren bzw. potentielle Kooperationspartnerinnen und -partner k\u00f6nnen sich jederzeit mit ihren Vorschl\u00e4gen f\u00fcr die Einreichung von Manuskripten f\u00fcr die Rubriken \u201eArtikel\u201c, \u201eMiszellen\u201c, \u201eBildung\u201c und \u201eQuellen\u201c (nicht: \u201eRezensionen\u201c), f\u00fcr Schwerpunkte oder f\u00fcr spezifische Formate an die Redaktion wenden. Die Redaktion pr\u00fcft diese schnellstm\u00f6glich und wird nach der Verst\u00e4ndigung auf ein gemeinsames Vorhaben oder nach [&hellip;]<\/p>\n","protected":false},"author":1,"featured_media":0,"parent":0,"menu_order":0,"comment_status":"closed","ping_status":"open","template":"","meta":[],"_links":{"self":[{"href":"https:\/\/www.medaon.de\/de\/wp-json\/wp\/v2\/pages\/146"}],"collection":[{"href":"https:\/\/www.medaon.de\/de\/wp-json\/wp\/v2\/pages"}],"about":[{"href":"https:\/\/www.medaon.de\/de\/wp-json\/wp\/v2\/types\/page"}],"author":[{"embeddable":true,"href":"https:\/\/www.medaon.de\/de\/wp-json\/wp\/v2\/users\/1"}],"replies":[{"embeddable":true,"href":"https:\/\/www.medaon.de\/de\/wp-json\/wp\/v2\/comments?post=146"}],"version-history":[{"count":3,"href":"https:\/\/www.medaon.de\/de\/wp-json\/wp\/v2\/pages\/146\/revisions"}],"predecessor-version":[{"id":2486,"href":"https:\/\/www.medaon.de\/de\/wp-json\/wp\/v2\/pages\/146\/revisions\/2486"}],"wp:attachment":[{"href":"https:\/\/www.medaon.de\/de\/wp-json\/wp\/v2\/media?parent=146"}],"curies":[{"name":"wp","href":"https:\/\/api.w.org\/{rel}","templated":true}]}}