{"id":144,"date":"2015-04-24T04:13:59","date_gmt":"2015-04-24T02:13:59","guid":{"rendered":"http:\/\/medaon.de\/2015\/?page_id=144"},"modified":"2016-06-03T11:37:58","modified_gmt":"2016-06-03T09:37:58","slug":"veranstaltungen","status":"publish","type":"page","link":"https:\/\/www.medaon.de\/de\/veranstaltungen\/","title":{"rendered":"Medaon Lectures"},"content":{"rendered":"<p>In den j\u00e4hrlichen Vortr\u00e4gen der in Dresden durchgef\u00fchrten Reihe Medaon lectures pr\u00e4sentieren renommierte Wissenschaftlerinnen und Wissenschaftler pointierte Perspektiven auf j\u00fcdisches Leben in Geschichte und Gegenwart.<\/p>\n<p>Bisherige Lectures:<\/p>\n<h2>2016<\/h2>\n<p>Dr. Miriam R\u00fcrup:<br \/>\n<em>&#8222;Wo soll ick denn hin ohne Pass und ohne Aufenthalt!&#8220; Reflexionen \u00fcber Staatenlosigkeit seit 1945<br \/>\n<\/em><\/p>\n<h2>2015<\/h2>\n<p>Prof. Monika Richarz (Berlin):<br \/>\n<em>Das Leben ganz unten: J\u00fcdische Dienstbotinnen in der Vormoderne<\/em><\/p>\n<h2>2014<\/h2>\n<p>Rabbiner Prof. Andreas Nachama (Berlin):<br \/>\n<em>J\u00fcdische Identit\u00e4t in Europa zwischen Tradition und Moderne<\/em><\/p>\n<h2>2013<\/h2>\n<p>Rabbiner Prof. Walter Homolka (Potsdam):<br \/>\n<em>Der Tradition treu und offen f\u00fcr die Moderne. Perspektiven des Liberalen Judentums<\/em><\/p>\n<h2>2012<\/h2>\n<p>Prof. Doron Kiesel (Erfurt):<br \/>\n<em>J\u00fcdisches Leben in Deutschland heute \u2013 Realit\u00e4t und Erwartungen<\/em><\/p>\n","protected":false},"excerpt":{"rendered":"<p>In den j\u00e4hrlichen Vortr\u00e4gen der in Dresden durchgef\u00fchrten Reihe Medaon lectures pr\u00e4sentieren renommierte Wissenschaftlerinnen und Wissenschaftler pointierte Perspektiven auf j\u00fcdisches Leben in Geschichte und Gegenwart. Bisherige Lectures: 2016 Dr. Miriam R\u00fcrup: &#8222;Wo soll ick denn hin ohne Pass und ohne Aufenthalt!&#8220; Reflexionen \u00fcber Staatenlosigkeit seit 1945 2015 Prof. Monika Richarz (Berlin): Das Leben ganz unten: [&hellip;]<\/p>\n","protected":false},"author":1,"featured_media":0,"parent":0,"menu_order":0,"comment_status":"closed","ping_status":"open","template":"","meta":[],"_links":{"self":[{"href":"https:\/\/www.medaon.de\/de\/wp-json\/wp\/v2\/pages\/144"}],"collection":[{"href":"https:\/\/www.medaon.de\/de\/wp-json\/wp\/v2\/pages"}],"about":[{"href":"https:\/\/www.medaon.de\/de\/wp-json\/wp\/v2\/types\/page"}],"author":[{"embeddable":true,"href":"https:\/\/www.medaon.de\/de\/wp-json\/wp\/v2\/users\/1"}],"replies":[{"embeddable":true,"href":"https:\/\/www.medaon.de\/de\/wp-json\/wp\/v2\/comments?post=144"}],"version-history":[{"count":7,"href":"https:\/\/www.medaon.de\/de\/wp-json\/wp\/v2\/pages\/144\/revisions"}],"predecessor-version":[{"id":2470,"href":"https:\/\/www.medaon.de\/de\/wp-json\/wp\/v2\/pages\/144\/revisions\/2470"}],"wp:attachment":[{"href":"https:\/\/www.medaon.de\/de\/wp-json\/wp\/v2\/media?parent=144"}],"curies":[{"name":"wp","href":"https:\/\/api.w.org\/{rel}","templated":true}]}}