{"id":142,"date":"2015-04-24T04:13:37","date_gmt":"2015-04-24T02:13:37","guid":{"rendered":"http:\/\/medaon.de\/2015\/?page_id=142"},"modified":"2015-06-01T21:25:47","modified_gmt":"2015-06-01T19:25:47","slug":"fritz-meyer-preis","status":"publish","type":"page","link":"https:\/\/www.medaon.de\/de\/fritz-meyer-preis\/","title":{"rendered":"Fritz Meyer Preis"},"content":{"rendered":"<p>Seit 2012 verleihen <em>HATiKVA \u2013 Bildungs- und Begegnungsst\u00e4tte f\u00fcr J\u00fcdische Geschichte und Kultur Sachsen e. V.<\/em> und <em>Medaon \u2013 Magazin f\u00fcr J\u00fcdisches Leben in Forschung und Bildung<\/em> jedes zweite Jahr den Fritz-Meyer-Preis f\u00fcr junge Wissenschaftlerinnen und Wissenschaftler sowie K\u00fcnstlerinnen und K\u00fcnstler.<\/p>\n<p>Der undotierte Preis w\u00fcrdigt besondere Leistungen junger Menschen in der Ausbildung an Schulen und Hochschulen zu Themen der j\u00fcdischen Geschichte und Kultur. Vorschl\u00e4ge k\u00f6nnen sowohl durch die Autorinnen und Autoren selbst als auch durch Dritte jeweils bis zum 31. Dezember des Vorjahres beim Vorstand von HATiKVA\u00a0e.\u00a0V. eingereicht werden (Anschrift: HATiKVA e.V., Vorstand, Pulsnitzer Str. 10, 10999 Dresden). Die preisw\u00fcrdige Leistung ist im Umfang von ca. 2.500 Druckzeichen darzustellen.<\/p>\n","protected":false},"excerpt":{"rendered":"<p>Seit 2012 verleihen HATiKVA \u2013 Bildungs- und Begegnungsst\u00e4tte f\u00fcr J\u00fcdische Geschichte und Kultur Sachsen e. V. und Medaon \u2013 Magazin f\u00fcr J\u00fcdisches Leben in Forschung und Bildung jedes zweite Jahr den Fritz-Meyer-Preis f\u00fcr junge Wissenschaftlerinnen und Wissenschaftler sowie K\u00fcnstlerinnen und K\u00fcnstler. Der undotierte Preis w\u00fcrdigt besondere Leistungen junger Menschen in der Ausbildung an Schulen und [&hellip;]<\/p>\n","protected":false},"author":1,"featured_media":0,"parent":0,"menu_order":0,"comment_status":"closed","ping_status":"open","template":"","meta":[],"_links":{"self":[{"href":"https:\/\/www.medaon.de\/de\/wp-json\/wp\/v2\/pages\/142"}],"collection":[{"href":"https:\/\/www.medaon.de\/de\/wp-json\/wp\/v2\/pages"}],"about":[{"href":"https:\/\/www.medaon.de\/de\/wp-json\/wp\/v2\/types\/page"}],"author":[{"embeddable":true,"href":"https:\/\/www.medaon.de\/de\/wp-json\/wp\/v2\/users\/1"}],"replies":[{"embeddable":true,"href":"https:\/\/www.medaon.de\/de\/wp-json\/wp\/v2\/comments?post=142"}],"version-history":[{"count":9,"href":"https:\/\/www.medaon.de\/de\/wp-json\/wp\/v2\/pages\/142\/revisions"}],"predecessor-version":[{"id":1576,"href":"https:\/\/www.medaon.de\/de\/wp-json\/wp\/v2\/pages\/142\/revisions\/1576"}],"wp:attachment":[{"href":"https:\/\/www.medaon.de\/de\/wp-json\/wp\/v2\/media?parent=142"}],"curies":[{"name":"wp","href":"https:\/\/api.w.org\/{rel}","templated":true}]}}